{"id":80,"date":"2020-07-11T22:29:13","date_gmt":"2020-07-11T22:29:13","guid":{"rendered":"https:\/\/tradunautas.ulpgc.es\/?page_id=80"},"modified":"2020-07-24T16:15:24","modified_gmt":"2020-07-24T16:15:24","slug":"tecnoedu-2020","status":"publish","type":"page","link":"https:\/\/tradunautas.ulpgc.es\/index.php\/tecnoedu-2020\/","title":{"rendered":"Tecnoedu 2020"},"content":{"rendered":"\n<p>La C\u00e1tedra <a href=\"https:\/\/tecnoedu.webs.ull.es\/premios-tecnoedu-2020\/\" target=\"_blank\" rel=\"noreferrer noopener\">TECNOEDU<\/a> consolida su apuesta por la visibilidad de la innovaci\u00f3n educativa en Canarias. La alianza surgida entre la Universidad de La Laguna y la Fundaci\u00f3n MAPFRE Guanarteme contin\u00faa reconociendo y premiando el cambio y la mejora en \u00e1mbito educativo de nuestras islas.<\/p>\n\n\n\n<p>Presentamos Los&nbsp;<strong>III Premios TECNOEDU 2020 a la Innovaci<\/strong><strong>\u00f3<\/strong><strong>n con Tecnolog<\/strong><strong>\u00ed<\/strong><strong>a Educativa<\/strong><strong>.&nbsp;<\/strong>Una acci\u00f3n de la C\u00e1tedra&nbsp; Fundaci\u00f3n MAPFRE Guanarteme de Tecnolog\u00eda y Educaci\u00f3n de la Universidad de La Laguna (<strong>TECNOEDU<\/strong>). Gestiona el grupo de Investigaci\u00f3n e Innovaci\u00f3n&nbsp;<strong>EDULLAB<\/strong>&nbsp;(Laboratorio de Educaci\u00f3n y Nuevas Tecnolog\u00eda de la Universidad de La Laguna). Colabora la Direcci\u00f3n General de Ordenaci\u00f3n, Innovaci\u00f3n y Calidad a trav\u00e9s de&nbsp;<strong>ATE<\/strong>(\u00c1rea de Tecnolog\u00eda Educativa).<\/p>\n\n\n\n<p>Esta nueva convocatoria tiene el objeto de reconocer y estimular la labor en innovaci\u00f3n educativa con tecnolog\u00eda, tanto de centros educativos y docentes en \u00e1mbito escolar; como de profesorado y alumnado universitario de Canarias. Un certamen que premia las experiencias, proyectos y creaciones que tienen como centro el uso de las tecnolog\u00edas educativas y la mejora de los procesos de ense\u00f1anza y aprendizaje.<\/p>\n\n\n\n<figure class=\"wp-block-gallery columns-1 is-cropped\"><ul class=\"blocks-gallery-grid\"><li class=\"blocks-gallery-item\"><figure><img loading=\"lazy\" width=\"932\" height=\"132\" src=\"https:\/\/tradunautas.ulpgc.es\/wp-content\/uploads\/2020\/07\/Sin-t\u00edtulo-1.png\" alt=\"\" data-id=\"82\" data-full-url=\"https:\/\/tradunautas.ulpgc.es\/wp-content\/uploads\/2020\/07\/Sin-t\u00edtulo-1.png\" data-link=\"https:\/\/tradunautas.ulpgc.es\/?attachment_id=82\" class=\"wp-image-82\" srcset=\"https:\/\/tradunautas.ulpgc.es\/wp-content\/uploads\/2020\/07\/Sin-t\u00edtulo-1.png 932w, https:\/\/tradunautas.ulpgc.es\/wp-content\/uploads\/2020\/07\/Sin-t\u00edtulo-1-300x42.png 300w, https:\/\/tradunautas.ulpgc.es\/wp-content\/uploads\/2020\/07\/Sin-t\u00edtulo-1-768x109.png 768w\" sizes=\"(max-width: 932px) 100vw, 932px\" \/><\/figure><\/li><\/ul><\/figure>\n\n\n\n<p>Este a\u00f1o nos presentamos con \u00abSalvar al soldado Megg\u00bb. Esta experiencia educativa recoge los conocimientos aprendidos durante el curso y el los exprime en una fren\u00e9tica competici\u00f3n. El objetivo principal es conseguir muchos puntos y dise\u00f1ar un dispositivo de supervivencia para nuestro valiente soldado Megg, que ser\u00e1 arrojado sin piedad desde la \u00faltima planta del edificio de humanidades.<\/p>\n\n\n\n<p>S\u00f3lo los mejores dise\u00f1os har\u00e1n que nuestro soldado sobreviva a la ca\u00edda. \u00bfTe apetece leer m\u00e1s?<\/p>\n\n\n\n<figure class=\"wp-block-image size-large\"><img loading=\"lazy\" width=\"932\" height=\"132\" src=\"https:\/\/tradunautas.ulpgc.es\/wp-content\/uploads\/2020\/07\/Sin-t\u00edtulo2-1.png\" alt=\"\" class=\"wp-image-110\" srcset=\"https:\/\/tradunautas.ulpgc.es\/wp-content\/uploads\/2020\/07\/Sin-t\u00edtulo2-1.png 932w, https:\/\/tradunautas.ulpgc.es\/wp-content\/uploads\/2020\/07\/Sin-t\u00edtulo2-1-300x42.png 300w, https:\/\/tradunautas.ulpgc.es\/wp-content\/uploads\/2020\/07\/Sin-t\u00edtulo2-1-768x109.png 768w\" sizes=\"(max-width: 932px) 100vw, 932px\" \/><\/figure>\n","protected":false},"excerpt":{"rendered":"<p>La C\u00e1tedra TECNOEDU consolida su apuesta por la visibilidad de la innovaci\u00f3n educativa en Canarias. La alianza surgida entre la Universidad de La Laguna y la Fundaci\u00f3n MAPFRE Guanarteme contin\u00faa reconociendo y premiando el cambio y la mejora en \u00e1mbito educativo de nuestras islas. Presentamos Los&nbsp;III Premios TECNOEDU 2020 a la Innovaci\u00f3n con Tecnolog\u00eda Educativa.&nbsp;Una<\/p>\n","protected":false},"author":1,"featured_media":0,"parent":0,"menu_order":0,"comment_status":"closed","ping_status":"closed","template":"","meta":[],"_links":{"self":[{"href":"https:\/\/tradunautas.ulpgc.es\/index.php\/wp-json\/wp\/v2\/pages\/80"}],"collection":[{"href":"https:\/\/tradunautas.ulpgc.es\/index.php\/wp-json\/wp\/v2\/pages"}],"about":[{"href":"https:\/\/tradunautas.ulpgc.es\/index.php\/wp-json\/wp\/v2\/types\/page"}],"author":[{"embeddable":true,"href":"https:\/\/tradunautas.ulpgc.es\/index.php\/wp-json\/wp\/v2\/users\/1"}],"replies":[{"embeddable":true,"href":"https:\/\/tradunautas.ulpgc.es\/index.php\/wp-json\/wp\/v2\/comments?post=80"}],"version-history":[{"count":4,"href":"https:\/\/tradunautas.ulpgc.es\/index.php\/wp-json\/wp\/v2\/pages\/80\/revisions"}],"predecessor-version":[{"id":191,"href":"https:\/\/tradunautas.ulpgc.es\/index.php\/wp-json\/wp\/v2\/pages\/80\/revisions\/191"}],"wp:attachment":[{"href":"https:\/\/tradunautas.ulpgc.es\/index.php\/wp-json\/wp\/v2\/media?parent=80"}],"curies":[{"name":"wp","href":"https:\/\/api.w.org\/{rel}","templated":true}]}}