{"id":263,"date":"2020-07-29T03:48:19","date_gmt":"2020-07-29T03:48:19","guid":{"rendered":"https:\/\/tradunautas.ulpgc.es\/?page_id=263"},"modified":"2020-08-09T14:55:18","modified_gmt":"2020-08-09T14:55:18","slug":"servicios-linguisticos","status":"publish","type":"page","link":"https:\/\/tradunautas.ulpgc.es\/index.php\/servicios-linguisticos\/","title":{"rendered":"Servicios Ling\u00fc\u00edsticos"},"content":{"rendered":"\n<div class=\"wp-block-nextend-smartslider3\"><\/div>\n\n\n\n<div class=\"wp-block-themeisle-blocks-advanced-columns has-3-columns has-desktop-equal-layout has-tablet-equal-layout has-mobile-collapsedRows-layout has-default-gap has-vertical-unset\" id=\"wp-block-themeisle-blocks-advanced-columns-e539da6f\"><div class=\"wp-block-themeisle-blocks-advanced-columns-overlay\"><\/div><div class=\"innerblocks-wrap\">\n<div class=\"wp-block-themeisle-blocks-advanced-column\" id=\"wp-block-themeisle-blocks-advanced-column-3ea941e8\">\n<p style=\"font-size:24px\" class=\"has-text-align-center\"><strong>Traducci\u00f3n Jurada<\/strong><\/p>\n\n\n\n<figure class=\"wp-block-image size-large\"><img loading=\"lazy\" width=\"602\" height=\"480\" src=\"https:\/\/tradunautas.ulpgc.es\/wp-content\/uploads\/2020\/07\/firmando3.png\" alt=\"\" class=\"wp-image-268\" srcset=\"https:\/\/tradunautas.ulpgc.es\/wp-content\/uploads\/2020\/07\/firmando3.png 602w, https:\/\/tradunautas.ulpgc.es\/wp-content\/uploads\/2020\/07\/firmando3-300x239.png 300w\" sizes=\"(max-width: 602px) 100vw, 602px\" \/><figcaption>\u00bfNecesita un documento que acredite la validez del texto original ante un organismo oficial?<\/figcaption><\/figure>\n<\/div>\n\n\n\n<div class=\"wp-block-themeisle-blocks-advanced-column\" id=\"wp-block-themeisle-blocks-advanced-column-0a244e1b\">\n<p style=\"font-size:24px\" class=\"has-text-align-center\"><strong>Traducci\u00f3n<br>Especializada<\/strong><\/p>\n\n\n\n<div class=\"wp-block-image\"><figure class=\"aligncenter size-large\"><img loading=\"lazy\" width=\"601\" height=\"480\" src=\"https:\/\/tradunautas.ulpgc.es\/wp-content\/uploads\/2020\/07\/hammer-719066_1280-1.png\" alt=\"\" class=\"wp-image-276\" srcset=\"https:\/\/tradunautas.ulpgc.es\/wp-content\/uploads\/2020\/07\/hammer-719066_1280-1.png 601w, https:\/\/tradunautas.ulpgc.es\/wp-content\/uploads\/2020\/07\/hammer-719066_1280-1-300x240.png 300w\" sizes=\"(max-width: 601px) 100vw, 601px\" \/><figcaption>\u00bfTrabajas con textos legales, ya sean p\u00fablicos o privados y necesitas su traducci\u00f3n?<\/figcaption><\/figure><\/div>\n<\/div>\n\n\n\n<div class=\"wp-block-themeisle-blocks-advanced-column\" id=\"wp-block-themeisle-blocks-advanced-column-d0ddc740\">\n<p style=\"font-size:24px\" class=\"has-text-align-center\"><br><strong>Correcciones<\/strong><\/p>\n\n\n\n<figure class=\"wp-block-image size-large\"><img loading=\"lazy\" width=\"602\" height=\"480\" src=\"https:\/\/tradunautas.ulpgc.es\/wp-content\/uploads\/2020\/07\/letters-691842_1280.png\" alt=\"\" class=\"wp-image-283\" srcset=\"https:\/\/tradunautas.ulpgc.es\/wp-content\/uploads\/2020\/07\/letters-691842_1280.png 602w, https:\/\/tradunautas.ulpgc.es\/wp-content\/uploads\/2020\/07\/letters-691842_1280-300x239.png 300w\" sizes=\"(max-width: 602px) 100vw, 602px\" \/><figcaption>\u00bfO quiz\u00e1s necesitas una correcci\u00f3n de estilo, ortotipogr\u00e1fica o gramatical?<\/figcaption><\/figure>\n<\/div>\n<\/div><\/div>\n","protected":false},"excerpt":{"rendered":"","protected":false},"author":1,"featured_media":0,"parent":0,"menu_order":0,"comment_status":"closed","ping_status":"closed","template":"","meta":[],"_links":{"self":[{"href":"https:\/\/tradunautas.ulpgc.es\/index.php\/wp-json\/wp\/v2\/pages\/263"}],"collection":[{"href":"https:\/\/tradunautas.ulpgc.es\/index.php\/wp-json\/wp\/v2\/pages"}],"about":[{"href":"https:\/\/tradunautas.ulpgc.es\/index.php\/wp-json\/wp\/v2\/types\/page"}],"author":[{"embeddable":true,"href":"https:\/\/tradunautas.ulpgc.es\/index.php\/wp-json\/wp\/v2\/users\/1"}],"replies":[{"embeddable":true,"href":"https:\/\/tradunautas.ulpgc.es\/index.php\/wp-json\/wp\/v2\/comments?post=263"}],"version-history":[{"count":17,"href":"https:\/\/tradunautas.ulpgc.es\/index.php\/wp-json\/wp\/v2\/pages\/263\/revisions"}],"predecessor-version":[{"id":381,"href":"https:\/\/tradunautas.ulpgc.es\/index.php\/wp-json\/wp\/v2\/pages\/263\/revisions\/381"}],"wp:attachment":[{"href":"https:\/\/tradunautas.ulpgc.es\/index.php\/wp-json\/wp\/v2\/media?parent=263"}],"curies":[{"name":"wp","href":"https:\/\/api.w.org\/{rel}","templated":true}]}}